{"id":2061,"date":"2023-06-06T16:26:54","date_gmt":"2023-06-06T14:26:54","guid":{"rendered":"https:\/\/datacenter-forum.eu\/?page_id=2061"},"modified":"2024-03-13T18:53:35","modified_gmt":"2024-03-13T17:53:35","slug":"data-center-forum-afrique-2022","status":"publish","type":"page","link":"https:\/\/datacenter-forum.eu\/en\/data-center-forum-afrique-2022\/","title":{"rendered":"DATA CENTER FORUM AFRIQUE 2022"},"content":{"rendered":"<div id=\"pl-2061\"  class=\"panel-layout\" ><div id=\"pg-2061-0\"  class=\"panel-grid panel-no-style\" ><div id=\"pgc-2061-0-0\"  class=\"panel-grid-cell\" ><div id=\"panel-2061-0-0-0\" class=\"so-panel widget widget_sow-editor panel-first-child panel-last-child\" data-index=\"0\" ><div\n\t\t\t\n\t\t\tclass=\"so-widget-sow-editor so-widget-sow-editor-base\"\n\t\t\t\n\t\t>\n<div class=\"siteorigin-widget-tinymce textwidget\">\n\t<h2 style=\"text-align: center;\">NEXT EDITION :<\/h2>\n<h3 style=\"text-align: center;\">13 JUNE 2022 in Casablanca<\/h3>\n<hr \/>\n<h3 style=\"text-align: center;\"><\/h3>\n<\/div>\n<\/div><\/div><\/div><\/div><div id=\"pg-2061-1\"  class=\"panel-grid panel-no-style\" ><div id=\"pgc-2061-1-0\"  class=\"panel-grid-cell\" ><div id=\"panel-2061-1-0-0\" class=\"so-panel widget widget_sow-image panel-first-child\" data-index=\"1\" ><div\n\t\t\t\n\t\t\tclass=\"so-widget-sow-image so-widget-sow-image-default-8b5b6f678277-2061\"\n\t\t\t\n\t\t>\n<div class=\"sow-image-container\">\n\t\t<img fetchpriority=\"high\" \n\tsrc=\"https:\/\/datacenter-forum.eu\/wp-content\/uploads\/2022\/04\/2.s.DPO-SF-e1650377962711.jpg\" width=\"2243\" height=\"1375\" srcset=\"https:\/\/datacenter-forum.eu\/wp-content\/uploads\/2022\/04\/2.s.DPO-SF-e1650377962711.jpg 2243w, https:\/\/datacenter-forum.eu\/wp-content\/uploads\/2022\/04\/2.s.DPO-SF-e1650377962711-300x184.jpg 300w, https:\/\/datacenter-forum.eu\/wp-content\/uploads\/2022\/04\/2.s.DPO-SF-e1650377962711-1024x628.jpg 1024w, https:\/\/datacenter-forum.eu\/wp-content\/uploads\/2022\/04\/2.s.DPO-SF-e1650377962711-768x471.jpg 768w, https:\/\/datacenter-forum.eu\/wp-content\/uploads\/2022\/04\/2.s.DPO-SF-e1650377962711-1536x942.jpg 1536w, https:\/\/datacenter-forum.eu\/wp-content\/uploads\/2022\/04\/2.s.DPO-SF-e1650377962711-2048x1255.jpg 2048w, https:\/\/datacenter-forum.eu\/wp-content\/uploads\/2022\/04\/2.s.DPO-SF-e1650377962711-1762x1080.jpg 1762w, https:\/\/datacenter-forum.eu\/wp-content\/uploads\/2022\/04\/2.s.DPO-SF-e1650377962711-18x12.jpg 18w\" sizes=\"(max-width: 2243px) 100vw, 2243px\" title=\"data-center-forum-belux-crowd\" alt=\"data-center-forum-belux-crowd\" \t\tclass=\"so-widget-image\"\/>\n\t<\/div>\n\n<\/div><\/div><div id=\"panel-2061-1-0-1\" class=\"so-panel widget widget_sow-editor panel-last-child\" data-index=\"2\" ><div class=\"panel-widget-style panel-widget-style-for-2061-1-0-1\" ><div\n\t\t\t\n\t\t\tclass=\"so-widget-sow-editor so-widget-sow-editor-base\"\n\t\t\t\n\t\t>\n<div class=\"siteorigin-widget-tinymce textwidget\">\n\t<h4>WHAT?<\/h4>\n<hr \/>\n<p>Pour faire le point sur l\u2019\u00e9tat de l\u2019art du datacenter, Data Center Forum Afrique a pour ambition de proposer aux visiteurs un bilan des derni\u00e8res innovations technologiques dans le monde du centre de donn\u00e9es et de leur permettre de s\u2019informer concr\u00e8tement sur les derni\u00e8res tendances du march\u00e9. Il proposera \u00e0 la fois des expos\u00e9s th\u00e9matiques pointus et des pr\u00e9sentations de fournisseurs du march\u00e9. En parall\u00e8le, un salon permettra aux visiteurs de d\u00e9couvrir les nouvelles offres technologiques et d\u2019en comprendre les enjeux majeurs du secteur.<\/p>\n<p>During this event, experts from the world of data centres and technology suppliers will discuss developments in technology platforms in the world of cloud infrastructure, the data centre, business continuity and security.<\/p>\n<\/div>\n<\/div><\/div><\/div><\/div><div id=\"pgc-2061-1-1\"  class=\"panel-grid-cell\" ><div id=\"panel-2061-1-1-0\" class=\"so-panel widget widget_sow-image panel-first-child\" data-index=\"3\" ><div\n\t\t\t\n\t\t\tclass=\"so-widget-sow-image so-widget-sow-image-default-8b5b6f678277-2061\"\n\t\t\t\n\t\t>\n<div class=\"sow-image-container\">\n\t\t<img \n\tsrc=\"https:\/\/datacenter-forum.eu\/wp-content\/uploads\/2022\/04\/data-center-forum-belux-holiday-inn-e1650378053417.jpg\" width=\"800\" height=\"490\" srcset=\"https:\/\/datacenter-forum.eu\/wp-content\/uploads\/2022\/04\/data-center-forum-belux-holiday-inn-e1650378053417.jpg 800w, https:\/\/datacenter-forum.eu\/wp-content\/uploads\/2022\/04\/data-center-forum-belux-holiday-inn-e1650378053417-300x184.jpg 300w, https:\/\/datacenter-forum.eu\/wp-content\/uploads\/2022\/04\/data-center-forum-belux-holiday-inn-e1650378053417-768x470.jpg 768w, https:\/\/datacenter-forum.eu\/wp-content\/uploads\/2022\/04\/data-center-forum-belux-holiday-inn-e1650378053417-18x12.jpg 18w\" sizes=\"(max-width: 800px) 100vw, 800px\" title=\"data-center-forum-belux-holiday-inn\" alt=\"data-center-forum-belux-holiday-inn\" \t\tclass=\"so-widget-image\"\/>\n\t<\/div>\n\n<\/div><\/div><div id=\"panel-2061-1-1-1\" class=\"so-panel widget widget_sow-editor panel-last-child\" data-index=\"4\" ><div class=\"panel-widget-style panel-widget-style-for-2061-1-1-1\" ><div\n\t\t\t\n\t\t\tclass=\"so-widget-sow-editor so-widget-sow-editor-base\"\n\t\t\t\n\t\t>\n<div class=\"siteorigin-widget-tinymce textwidget\">\n\t<h4>WHEN? WHERE?<\/h4>\n<hr \/>\n<p>Ce forum se tiendra le 13 juin 2024 \u00e0 Casablanca. Avec toutes ses facilit\u00e9s d\u2019acc\u00e8s et de parking, cela permettra aux participants d\u2019optimiser leur temps pr\u00e9cieux en proposant en un seul lieu les solutions techniques, acteurs locaux et principaux utilisateurs. Nos nombreux sponsors seront pr\u00e9sents pour vous parler de toutes les actualit\u00e9s concernant les moyens \u00e0 mettre en \u0153uvre afin de s\u00e9curiser le monde de l'infrastructure cloud, du data center, de la continuit\u00e9 d\u2019activit\u00e9 et de la s\u00e9curit\u00e9.<\/p>\n<\/div>\n<\/div><\/div><\/div><\/div><div id=\"pgc-2061-1-2\"  class=\"panel-grid-cell\" ><div id=\"panel-2061-1-2-0\" class=\"so-panel widget widget_sow-image panel-first-child\" data-index=\"5\" ><div\n\t\t\t\n\t\t\tclass=\"so-widget-sow-image so-widget-sow-image-default-8b5b6f678277-2061\"\n\t\t\t\n\t\t>\n<div class=\"sow-image-container\">\n\t\t<img \n\tsrc=\"https:\/\/datacenter-forum.eu\/wp-content\/uploads\/2022\/04\/3.m.DPO-SF-e1650378148716.jpg\" width=\"2500\" height=\"1531\" srcset=\"https:\/\/datacenter-forum.eu\/wp-content\/uploads\/2022\/04\/3.m.DPO-SF-e1650378148716.jpg 2500w, https:\/\/datacenter-forum.eu\/wp-content\/uploads\/2022\/04\/3.m.DPO-SF-e1650378148716-300x184.jpg 300w, https:\/\/datacenter-forum.eu\/wp-content\/uploads\/2022\/04\/3.m.DPO-SF-e1650378148716-1024x627.jpg 1024w, https:\/\/datacenter-forum.eu\/wp-content\/uploads\/2022\/04\/3.m.DPO-SF-e1650378148716-768x470.jpg 768w, https:\/\/datacenter-forum.eu\/wp-content\/uploads\/2022\/04\/3.m.DPO-SF-e1650378148716-1536x941.jpg 1536w, https:\/\/datacenter-forum.eu\/wp-content\/uploads\/2022\/04\/3.m.DPO-SF-e1650378148716-2048x1254.jpg 2048w, https:\/\/datacenter-forum.eu\/wp-content\/uploads\/2022\/04\/3.m.DPO-SF-e1650378148716-1764x1080.jpg 1764w, https:\/\/datacenter-forum.eu\/wp-content\/uploads\/2022\/04\/3.m.DPO-SF-e1650378148716-18x12.jpg 18w\" sizes=\"(max-width: 2500px) 100vw, 2500px\" title=\"data-center-forum-belux\" alt=\"\" \t\tclass=\"so-widget-image\"\/>\n\t<\/div>\n\n<\/div><\/div><div id=\"panel-2061-1-2-1\" class=\"so-panel widget widget_sow-editor panel-last-child\" data-index=\"6\" ><div class=\"panel-widget-style panel-widget-style-for-2061-1-2-1\" ><div\n\t\t\t\n\t\t\tclass=\"so-widget-sow-editor so-widget-sow-editor-base\"\n\t\t\t\n\t\t>\n<div class=\"siteorigin-widget-tinymce textwidget\">\n\t<h4>WHO?<\/h4>\n<hr \/>\n<p class=\"p1\">Mark-Com Event has been organising events for nearly 30 years, organising conferences and business meetings to bring together public and private sector players in the digital sector (IT, telecoms and innovation) in Europe and North Africa.<\/p>\n<p><a href=\"http:\/\/www.mark-com.com\/\">To find out more<\/a><\/p>\n<\/div>\n<\/div><\/div><\/div><\/div><\/div><div id=\"pg-2061-2\"  class=\"panel-grid panel-no-style\" ><div id=\"pgc-2061-2-0\"  class=\"panel-grid-cell\" ><div id=\"panel-2061-2-0-0\" class=\"so-panel widget widget_sow-editor panel-first-child panel-last-child\" data-index=\"7\" ><div\n\t\t\t\n\t\t\tclass=\"so-widget-sow-editor so-widget-sow-editor-base\"\n\t\t\t\n\t\t>\n<div class=\"siteorigin-widget-tinymce textwidget\">\n\t<h3 style=\"text-align: center;\"><\/h3>\n<hr \/>\n<h3 style=\"text-align: center;\"><\/h3>\n<\/div>\n<\/div><\/div><\/div><\/div><div id=\"pg-2061-3\"  class=\"panel-grid panel-no-style\" ><div id=\"pgc-2061-3-0\"  class=\"panel-grid-cell\" ><div id=\"panel-2061-3-0-0\" class=\"so-panel widget widget_sow-button panel-first-child panel-last-child\" data-index=\"8\" ><div\n\t\t\t\n\t\t\tclass=\"so-widget-sow-button so-widget-sow-button-atom-f54c0409268f-2061\"\n\t\t\t\n\t\t><div class=\"ow-button-base ow-button-align-center\"\n>\n\t\t\t<a\n\t\t\t\t\thref=\"https:\/\/datacenter-forum.eu\/en\/infos-pratiques-casablanca\/\"\n\t\t\t\t\tclass=\"sowb-button ow-icon-placement-left ow-button-hover\" target=\"_blank\" rel=\"noopener noreferrer\" \t>\n\t\t<span>\n\t\t\t\n\t\t\tINFORMATION PRATIQUE\t\t<\/span>\n\t\t\t<\/a>\n\t<\/div>\n<\/div><\/div><\/div><div id=\"pgc-2061-3-1\"  class=\"panel-grid-cell\" ><div id=\"panel-2061-3-1-0\" class=\"so-panel widget widget_sow-button panel-first-child panel-last-child\" data-index=\"9\" ><div\n\t\t\t\n\t\t\tclass=\"so-widget-sow-button so-widget-sow-button-atom-f54c0409268f-2061\"\n\t\t\t\n\t\t><div class=\"ow-button-base ow-button-align-center\"\n>\n\t\t\t<a\n\t\t\t\t\thref=\"https:\/\/www.eventbrite.fr\/e\/inscription-data-center-forum-afrique-2024-2eme-edition-780753804647\"\n\t\t\t\t\tclass=\"sowb-button ow-icon-placement-left ow-button-hover\" target=\"_blank\" rel=\"noopener noreferrer\" \t>\n\t\t<span>\n\t\t\t\n\t\t\tINSCRIPTION !\t\t<\/span>\n\t\t\t<\/a>\n\t<\/div>\n<\/div><\/div><\/div><\/div><\/div>","protected":false},"excerpt":{"rendered":"<p>PROCHAINE EDITION: 13 JUIN 2024 \u00e0 Casablanca QUOI? Pour faire le point sur l\u2019\u00e9tat de l\u2019art du datacenter, Data Center Forum Afrique a pour ambition de proposer aux visiteurs un bilan des derni\u00e8res innovations technologiques dans le monde du centre de donn\u00e9es et de leur permettre de s\u2019informer concr\u00e8tement sur les derni\u00e8res tendances du march\u00e9. Il proposera \u00e0 la fois des expos\u00e9s th\u00e9matiques pointus et des pr\u00e9sentations de fournisseurs du march\u00e9. En parall\u00e8le, un salon permettra aux visiteurs de d\u00e9couvrir les nouvelles offres technologiques et d\u2019en comprendre les enjeux majeurs du secteur. Durant cet \u00e9v\u00e9nement, des experts du monde des datacenters et des fournisseurs technologiques aborderont les \u00e9volutions li\u00e9es aux plateformes technologiques dans le monde de l\u2019infrastructure cloud, du datacenter, de la continuit\u00e9 d\u2019activit\u00e9 et de la s\u00e9curit\u00e9. QUAND? O\u00d9? Ce forum se tiendra le 13 juin 2024 \u00e0 Casablanca. Avec toutes ses facilit\u00e9s d\u2019acc\u00e8s et de parking, cela permettra aux participants d\u2019optimiser leur temps pr\u00e9cieux en proposant en un seul lieu les solutions techniques, acteurs locaux et principaux utilisateurs. Nos nombreux sponsors seront pr\u00e9sents pour vous parler de toutes les actualit\u00e9s concernant les moyens \u00e0 mettre en \u0153uvre afin de s\u00e9curiser le monde de l&rsquo;infrastructure cloud, du data center, de la continuit\u00e9 d\u2019activit\u00e9 et de la s\u00e9curit\u00e9. QUI? Organisateur d\u2019\u00e9v\u00e9nements depuis pr\u00e8s de 30 ans, Mark-Com Event met en place des conf\u00e9rences et des rendez-vous d\u2019affaires permettant aux acteurs \u00e9conomiques publics et priv\u00e9s du domaine Num\u00e9rique (Informatique, T\u00e9l\u00e9coms, Innovations) de se rencontrer en Europe et en Afrique du Nord. Pour en savoir plus<\/p>","protected":false},"author":1,"featured_media":0,"parent":0,"menu_order":0,"comment_status":"closed","ping_status":"closed","template":"","meta":{"footnotes":""},"class_list":["post-2061","page","type-page","status-publish","hentry","entry"],"_links":{"self":[{"href":"https:\/\/datacenter-forum.eu\/en\/wp-json\/wp\/v2\/pages\/2061","targetHints":{"allow":["GET"]}}],"collection":[{"href":"https:\/\/datacenter-forum.eu\/en\/wp-json\/wp\/v2\/pages"}],"about":[{"href":"https:\/\/datacenter-forum.eu\/en\/wp-json\/wp\/v2\/types\/page"}],"author":[{"embeddable":true,"href":"https:\/\/datacenter-forum.eu\/en\/wp-json\/wp\/v2\/users\/1"}],"replies":[{"embeddable":true,"href":"https:\/\/datacenter-forum.eu\/en\/wp-json\/wp\/v2\/comments?post=2061"}],"version-history":[{"count":9,"href":"https:\/\/datacenter-forum.eu\/en\/wp-json\/wp\/v2\/pages\/2061\/revisions"}],"predecessor-version":[{"id":2542,"href":"https:\/\/datacenter-forum.eu\/en\/wp-json\/wp\/v2\/pages\/2061\/revisions\/2542"}],"wp:attachment":[{"href":"https:\/\/datacenter-forum.eu\/en\/wp-json\/wp\/v2\/media?parent=2061"}],"curies":[{"name":"wp","href":"https:\/\/api.w.org\/{rel}","templated":true}]}}