{"id":2088,"date":"2023-11-30T17:15:32","date_gmt":"2023-11-30T16:15:32","guid":{"rendered":"https:\/\/datacenter-forum.eu\/?page_id=2088"},"modified":"2024-03-13T17:45:45","modified_gmt":"2024-03-13T16:45:45","slug":"datacenter-forum-casablanca-2024-2","status":"publish","type":"page","link":"https:\/\/datacenter-forum.eu\/en\/datacenter-forum-casablanca-2024-2\/","title":{"rendered":"DATA CENTER FORUM AFRIQUE 2024"},"content":{"rendered":"<div id=\"pl-2088\"  class=\"panel-layout\" ><div id=\"pg-2088-0\"  class=\"panel-grid panel-no-style\" ><div id=\"pgc-2088-0-0\"  class=\"panel-grid-cell\" ><div id=\"panel-2088-0-0-0\" class=\"so-panel widget widget_sow-editor panel-first-child panel-last-child\" data-index=\"0\" ><div\n\t\t\t\n\t\t\tclass=\"so-widget-sow-editor so-widget-sow-editor-base\"\n\t\t\t\n\t\t>\n<div class=\"siteorigin-widget-tinymce textwidget\">\n\t<h2 style=\"text-align: center;\">The first Data Center Afrique was a real success.<\/h2>\n<h2 style=\"text-align: center;\">The second edition of Data Center Afrique is back:<\/h2>\n<h2 style=\"text-align: center;\">13 June 2024 in Casablanca<\/h2>\n<hr \/>\n<h3 style=\"text-align: center;\"><\/h3>\n<\/div>\n<\/div><\/div><\/div><\/div><div id=\"pg-2088-1\"  class=\"panel-grid panel-no-style\" ><div id=\"pgc-2088-1-0\"  class=\"panel-grid-cell\" ><div id=\"panel-2088-1-0-0\" class=\"so-panel widget widget_sow-image panel-first-child\" data-index=\"1\" ><div\n\t\t\t\n\t\t\tclass=\"so-widget-sow-image so-widget-sow-image-default-8b5b6f678277-2088\"\n\t\t\t\n\t\t>\n<div class=\"sow-image-container\">\n\t\t\t<a href=\"https:\/\/www.hyatt.com\/en-US\/hotel\/morocco\/hyatt-regency-casablanca\/casab?src=corp_lclb_gmb_seo_casab\"\n\t\t\t\t\t>\n\t\t\t<img fetchpriority=\"high\" \n\tsrc=\"https:\/\/datacenter-forum.eu\/wp-content\/uploads\/2023\/12\/Photo-1-Hyatt-plaquette-DCFA-2023.jpg\" width=\"960\" height=\"720\" srcset=\"https:\/\/datacenter-forum.eu\/wp-content\/uploads\/2023\/12\/Photo-1-Hyatt-plaquette-DCFA-2023.jpg 960w, https:\/\/datacenter-forum.eu\/wp-content\/uploads\/2023\/12\/Photo-1-Hyatt-plaquette-DCFA-2023-300x225.jpg 300w, https:\/\/datacenter-forum.eu\/wp-content\/uploads\/2023\/12\/Photo-1-Hyatt-plaquette-DCFA-2023-768x576.jpg 768w\" sizes=\"(max-width: 960px) 100vw, 960px\" title=\"Photo 1 Hyatt plaquette &#8211; DCFA 2023\" alt=\"\" \t\tclass=\"so-widget-image\"\/>\n\t\t\t<\/a><\/div>\n\n<\/div><\/div><div id=\"panel-2088-1-0-1\" class=\"so-panel widget widget_sow-editor panel-last-child\" data-index=\"2\" ><div class=\"panel-widget-style panel-widget-style-for-2088-1-0-1\" ><div\n\t\t\t\n\t\t\tclass=\"so-widget-sow-editor so-widget-sow-editor-base\"\n\t\t\t\n\t\t>\n<div class=\"siteorigin-widget-tinymce textwidget\">\n\t<h4>WHAT?<\/h4>\n<hr \/>\n<p>The aim of the Data Center Forum Africa is to provide visitors with an overview of the latest technological innovations in the world of data centres and to enable them to find out more about the latest market trends. It will feature both in-depth thematic presentations and presentations by market suppliers. At the same time, a trade fair will enable visitors to discover new technological offerings and understand the major challenges facing the sector.<\/p>\n<p>During this event, experts from the world of data centres and technology suppliers will discuss developments in technology platforms in the world of cloud infrastructure, the data centre, business continuity and security.<\/p>\n<\/div>\n<\/div><\/div><\/div><\/div><div id=\"pgc-2088-1-1\"  class=\"panel-grid-cell\" ><div id=\"panel-2088-1-1-0\" class=\"so-panel widget widget_sow-image panel-first-child\" data-index=\"3\" ><div\n\t\t\t\n\t\t\tclass=\"so-widget-sow-image so-widget-sow-image-default-8b5b6f678277-2088\"\n\t\t\t\n\t\t>\n<div class=\"sow-image-container\">\n\t\t\t<a href=\"https:\/\/www.hyatt.com\/en-US\/hotel\/morocco\/hyatt-regency-casablanca\/casab?src=corp_lclb_gmb_seo_casab\"\n\t\t\t\t\t>\n\t\t\t<img \n\tsrc=\"https:\/\/datacenter-forum.eu\/wp-content\/uploads\/2023\/12\/Photo-2-Hyatt-plaquette-DCFA-2023.png\" width=\"768\" height=\"576\" srcset=\"https:\/\/datacenter-forum.eu\/wp-content\/uploads\/2023\/12\/Photo-2-Hyatt-plaquette-DCFA-2023.png 768w, https:\/\/datacenter-forum.eu\/wp-content\/uploads\/2023\/12\/Photo-2-Hyatt-plaquette-DCFA-2023-300x225.png 300w\" sizes=\"(max-width: 768px) 100vw, 768px\" title=\"Photo 2 Hyatt plaquette &#8211; DCFA 2023\" alt=\"\" \t\tclass=\"so-widget-image\"\/>\n\t\t\t<\/a><\/div>\n\n<\/div><\/div><div id=\"panel-2088-1-1-1\" class=\"so-panel widget widget_sow-editor panel-last-child\" data-index=\"4\" ><div class=\"panel-widget-style panel-widget-style-for-2088-1-1-1\" ><div\n\t\t\t\n\t\t\tclass=\"so-widget-sow-editor so-widget-sow-editor-base\"\n\t\t\t\n\t\t>\n<div class=\"siteorigin-widget-tinymce textwidget\">\n\t<h4><span style=\"font-size: 1.1rem; letter-spacing: 0.0625rem; background-color: transparent;\">WHEN? WHERE?<\/span><\/h4>\n<hr \/>\n<p>The forum will be held on 13 June 2024 at the Haytt Regency Hotel in Casablanca. With its easy access and parking facilities, this will enable participants to make the most of their precious time by presenting technical solutions, local players and the main users all in one place. Our many sponsors will be on hand to tell you all about the latest developments in securing the world of cloud infrastructure, data centres, business continuity and security.<\/p>\n<\/div>\n<\/div><\/div><\/div><\/div><div id=\"pgc-2088-1-2\"  class=\"panel-grid-cell\" ><div id=\"panel-2088-1-2-0\" class=\"so-panel widget widget_sow-image panel-first-child\" data-index=\"5\" ><div\n\t\t\t\n\t\t\tclass=\"so-widget-sow-image so-widget-sow-image-default-8b5b6f678277-2088\"\n\t\t\t\n\t\t>\n<div class=\"sow-image-container\">\n\t\t\t<a href=\"https:\/\/mark-com.com\/en\/\"\n\t\t\t\t\t>\n\t\t\t<img \n\tsrc=\"https:\/\/datacenter-forum.eu\/wp-content\/uploads\/2023\/12\/Sans-titre-2.png\" width=\"768\" height=\"576\" srcset=\"https:\/\/datacenter-forum.eu\/wp-content\/uploads\/2023\/12\/Sans-titre-2.png 768w, https:\/\/datacenter-forum.eu\/wp-content\/uploads\/2023\/12\/Sans-titre-2-300x225.png 300w\" sizes=\"(max-width: 768px) 100vw, 768px\" title=\"Sans titre-2\" alt=\"\" \t\tclass=\"so-widget-image\"\/>\n\t\t\t<\/a><\/div>\n\n<\/div><\/div><div id=\"panel-2088-1-2-1\" class=\"so-panel widget widget_sow-editor panel-last-child\" data-index=\"6\" ><div class=\"panel-widget-style panel-widget-style-for-2088-1-2-1\" ><div\n\t\t\t\n\t\t\tclass=\"so-widget-sow-editor so-widget-sow-editor-base\"\n\t\t\t\n\t\t>\n<div class=\"siteorigin-widget-tinymce textwidget\">\n\t<h4>WHO?<\/h4>\n<hr \/>\n<p class=\"p1\">Mark-Com Event has been organising events for nearly 30 years, organising conferences and business meetings to bring together public and private sector players in the digital sector (IT, telecoms and innovation) in Europe and North Africa.<\/p>\n<p><a href=\"http:\/\/www.mark-com.com\/\">To find out more<\/a><\/p>\n<\/div>\n<\/div><\/div><\/div><\/div><\/div><div id=\"pg-2088-2\"  class=\"panel-grid panel-no-style\" ><div id=\"pgc-2088-2-0\"  class=\"panel-grid-cell\" ><div id=\"panel-2088-2-0-0\" class=\"so-panel widget widget_sow-button panel-first-child panel-last-child\" data-index=\"7\" ><div\n\t\t\t\n\t\t\tclass=\"so-widget-sow-button so-widget-sow-button-atom-f54c0409268f-2088\"\n\t\t\t\n\t\t><div class=\"ow-button-base ow-button-align-center\"\n>\n\t\t\t<a\n\t\t\t\t\thref=\"https:\/\/www.eventbrite.fr\/e\/inscription-data-center-forum-afrique-2024-780753804647\"\n\t\t\t\t\tclass=\"sowb-button ow-icon-placement-left ow-button-hover\" target=\"_blank\" rel=\"noopener noreferrer\" \t>\n\t\t<span>\n\t\t\t\n\t\t\tREGISTER ! DCFA CASABLANCA 2024 \t\t<\/span>\n\t\t\t<\/a>\n\t<\/div>\n<\/div><\/div><\/div><\/div><\/div>","protected":false},"excerpt":{"rendered":"<p>La premi\u00e8re \u00e9dition Data Center Afrique a \u00e9t\u00e9 un r\u00e9el succ\u00e8s. La seconde \u00e9dition de Data Center Afrique renvient : Le 13 juin 2024 \u00e0 Casablanca QUOI? Le Data Center Forum Afrique a pour ambition de proposer aux visiteurs un bilan des derni\u00e8res innovations technologiques dans le monde du centre de donn\u00e9es et de leur permettre de s\u2019informer concr\u00e8tement sur les derni\u00e8res tendances du march\u00e9. Il proposera \u00e0 la fois des expos\u00e9s th\u00e9matiques pointus et des pr\u00e9sentations de fournisseurs du march\u00e9. En parall\u00e8le, un salon permettra aux visiteurs de d\u00e9couvrir les nouvelles offres technologiques et d\u2019en comprendre les enjeux majeurs du secteur. Durant cet \u00e9v\u00e9nement, des experts du monde des datacenters et des fournisseurs technologiques aborderont les \u00e9volutions li\u00e9es aux plateformes technologiques dans le monde de l\u2019infrastructure cloud, du datacenter, de la continuit\u00e9 d\u2019activit\u00e9 et de la s\u00e9curit\u00e9. QUAND? O\u00d9? Ce forum se tiendra le 13 juin 2024 \u00e0 l&rsquo;h\u00f4tel Haytt Regency \u00e0 Casablanca . Avec toutes ses facilit\u00e9s d\u2019acc\u00e8s et de parking, cela permettra aux participants d\u2019optimiser leur temps pr\u00e9cieux en proposant en un seul lieu les solutions techniques, acteurs locaux et principaux utilisateurs. Nos nombreux sponsors seront pr\u00e9sents pour vous parler de toutes les actualit\u00e9s concernant les moyens \u00e0 mettre en \u0153uvre afin de s\u00e9curiser le monde de l&rsquo;infrastructure cloud, du data center, de la continuit\u00e9 d\u2019activit\u00e9 et de la s\u00e9curit\u00e9. QUI? Organisateur d\u2019\u00e9v\u00e9nements depuis pr\u00e8s de 30 ans, Mark-Com Event met en place des conf\u00e9rences et des rendez-vous d\u2019affaires permettant aux acteurs \u00e9conomiques publics et priv\u00e9s du domaine Num\u00e9rique (Informatique, T\u00e9l\u00e9coms, Innovations) de se rencontrer en Europe et en Afrique du Nord. Pour en savoir plus<\/p>","protected":false},"author":1,"featured_media":0,"parent":0,"menu_order":0,"comment_status":"closed","ping_status":"closed","template":"","meta":{"footnotes":""},"class_list":["post-2088","page","type-page","status-publish","hentry","entry"],"_links":{"self":[{"href":"https:\/\/datacenter-forum.eu\/en\/wp-json\/wp\/v2\/pages\/2088","targetHints":{"allow":["GET"]}}],"collection":[{"href":"https:\/\/datacenter-forum.eu\/en\/wp-json\/wp\/v2\/pages"}],"about":[{"href":"https:\/\/datacenter-forum.eu\/en\/wp-json\/wp\/v2\/types\/page"}],"author":[{"embeddable":true,"href":"https:\/\/datacenter-forum.eu\/en\/wp-json\/wp\/v2\/users\/1"}],"replies":[{"embeddable":true,"href":"https:\/\/datacenter-forum.eu\/en\/wp-json\/wp\/v2\/comments?post=2088"}],"version-history":[{"count":27,"href":"https:\/\/datacenter-forum.eu\/en\/wp-json\/wp\/v2\/pages\/2088\/revisions"}],"predecessor-version":[{"id":2538,"href":"https:\/\/datacenter-forum.eu\/en\/wp-json\/wp\/v2\/pages\/2088\/revisions\/2538"}],"wp:attachment":[{"href":"https:\/\/datacenter-forum.eu\/en\/wp-json\/wp\/v2\/media?parent=2088"}],"curies":[{"name":"wp","href":"https:\/\/api.w.org\/{rel}","templated":true}]}}