{"id":2123,"date":"2023-12-16T15:09:24","date_gmt":"2023-12-16T14:09:24","guid":{"rendered":"https:\/\/datacenter-forum.eu\/?page_id=2123"},"modified":"2024-03-13T17:48:25","modified_gmt":"2024-03-13T16:48:25","slug":"infos-pratiques-casablanca","status":"publish","type":"page","link":"https:\/\/datacenter-forum.eu\/en\/infos-pratiques-casablanca\/","title":{"rendered":"PRACTICAL INFORMATION"},"content":{"rendered":"<div id=\"pl-2123\"  class=\"panel-layout\" ><div id=\"pg-2123-0\"  class=\"panel-grid panel-no-style\" ><div id=\"pgc-2123-0-0\"  class=\"panel-grid-cell\" ><div id=\"panel-2123-0-0-0\" class=\"so-panel widget widget_sow-button panel-first-child panel-last-child\" data-index=\"0\" ><div\n\t\t\t\n\t\t\tclass=\"so-widget-sow-button so-widget-sow-button-atom-f54c0409268f-2123\"\n\t\t\t\n\t\t><div class=\"ow-button-base ow-button-align-center\"\n>\n\t\t\t<a\n\t\t\t\t\thref=\"https:\/\/www.eventbrite.fr\/e\/inscription-data-center-forum-afrique-2024-780753804647\"\n\t\t\t\t\tclass=\"sowb-button ow-icon-placement-top ow-button-hover\" target=\"_blank\" rel=\"noopener noreferrer\" \t>\n\t\t<span>\n\t\t\t\n\t\t\tI'M REGISTERING!  - DCFA CASABLACA 2024\t\t<\/span>\n\t\t\t<\/a>\n\t<\/div>\n<\/div><\/div><\/div><\/div><div id=\"pg-2123-1\"  class=\"panel-grid panel-has-style\" ><div class=\"siteorigin-panels-stretch panel-row-style panel-row-style-for-2123-1\" id=\"services\" data-stretch-type=\"full-width-stretch\" ><div id=\"pgc-2123-1-0\"  class=\"panel-grid-cell\" ><div id=\"panel-2123-1-0-0\" class=\"so-panel widget widget_sow-editor panel-first-child panel-last-child\" data-index=\"1\" ><div\n\t\t\t\n\t\t\tclass=\"so-widget-sow-editor so-widget-sow-editor-base\"\n\t\t\t\n\t\t><h3 class=\"widget-title\">                                                                            <\/h3>\n<div class=\"siteorigin-widget-tinymce textwidget\">\n\t<div>\n<section class=\"leadin\">\n<div class=\"b-container\">\n<div class=\"description\">\n<div>\n<div class=\"text-or-fragment\">\n<h2 style=\"text-align: center;\">How do I get to the Haytt Regency Casablanca hotel?<\/h2>\n<p class=\"richText\" style=\"text-align: center;\">L\u2019h\u00f4tel est situ\u00e9 au centre-ville, vous pouvez profiter d\u2019un acc\u00e8s facile \u00e0 plusieurs attractions, Mosqu\u00e9e Hassan II, ancienne M\u00e9dina, La Corniche.<\/p>\n<p>&nbsp;<\/p>\n<\/div>\n<\/div>\n<\/div>\n<\/div>\n<\/section>\n<\/div>\n<div>\n<div class=\"interactivemap\">\n<div class=\"b-container\">\n<div class=\"b-row\">\n<div class=\"hideOverflow b-col-12\">\n<div id=\"googleMap\" class=\"googleMap\" data-longitude=\"-7.618776\" data-latitude=\"33.595984\">\n<div><\/div>\n<div class=\"gm-style\">\n<h3 tabindex=\"0\" role=\"region\" aria-label=\"Carte\" aria-roledescription=\"carte\" aria-describedby=\"3D0A21E5-FC96-43C1-AF86-8D45C9736BA8\"><a href=\"https:\/\/www.google.com\/maps\/place\/Hyatt+Regency+Casablanca\/@33.6009236,-7.6456617,13.68z\/data=!4m9!3m8!1s0xda7d284d7ccd05f:0xd0a597e123812ee5!5m2!4m1!1i2!8m2!3d33.5961773!4d-7.6188509!16s%2Fm%2F0j_3b89?hl=fr&amp;entry=ttu\"><img fetchpriority=\"high\" decoding=\"async\" class=\"size-medium wp-image-2135 aligncenter\" src=\"https:\/\/datacenter-forum.eu\/wp-content\/uploads\/2023\/12\/Capture-decran-2023-12-16-151632-2-300x262.png\" alt=\"\" width=\"300\" height=\"262\" srcset=\"https:\/\/datacenter-forum.eu\/wp-content\/uploads\/2023\/12\/Capture-decran-2023-12-16-151632-2-300x262.png 300w, https:\/\/datacenter-forum.eu\/wp-content\/uploads\/2023\/12\/Capture-decran-2023-12-16-151632-2.png 688w\" sizes=\"(max-width: 300px) 100vw, 300px\" \/><\/a><\/h3>\n<\/div>\n<\/div>\n<\/div>\n<\/div>\n<div tabindex=\"0\" role=\"region\" aria-label=\"Carte\" aria-roledescription=\"carte\" aria-describedby=\"3D0A21E5-FC96-43C1-AF86-8D45C9736BA8\"><\/div>\n<\/div>\n<\/div>\n<\/div>\n<section class=\"mpt-main mpt-content\">\n<div class=\"b-container\">\n<div class=\"psr-col\">\n<div>\n<div class=\"aem-Grid aem-Grid--12 aem-Grid--default--12\">\n<div class=\"sectionheader aem-GridColumn aem-GridColumn--default--12\">\n<section class=\"section-header component\">\n<div class=\"b-container\">\n<div class=\"b-row\">\n<div class=\"b-col divider\">\n<h3><\/h3>\n<h3 class=\"richText\" style=\"text-align: center;\"><strong>Parking<\/strong><\/h3>\n<\/div>\n<\/div>\n<\/div>\n<\/section>\n<\/div>\n<div class=\"parkingdetail aem-GridColumn aem-GridColumn--default--12\" style=\"text-align: center;\">\n<section class=\"parking-detail component\">\n<div class=\"parking-intro\">\n<div class=\"b-text_copy-3\">\n<div class=\"richText\">Free valet parking.<\/div>\n<\/div>\n<\/div>\n<div class=\"parking-details\"><\/div>\n<\/section>\n<\/div>\n<\/div>\n<\/div>\n<\/div>\n<\/div>\n<\/section>\n<div>\n<div>\n<section class=\"section-header-text component\">\n<section class=\"section-header component\">\n<div class=\"b-container\">\n<div class=\"b-row\">\n<div class=\"b-col divider\">\n<h3 class=\"richText\" style=\"text-align: center;\">Other transport<\/h3>\n<p>&nbsp;<\/p>\n<\/div>\n<\/div>\n<\/div>\n<\/section>\n<div class=\"section-text\">\n<div class=\"richText\">\n<h4 style=\"text-align: center;\"><b>LIMOUSINE SERVICE<\/b><\/h4>\n<p style=\"text-align: center;\">A limousine service from Mohamed V airport to the hotel is available at 700 Dirhams per journey. Please contact our concierge for assistance +212 522 431234.LIMOUSINE SERVICE<\/p>\n<h4 style=\"text-align: center;\"><b>DISTANCE<\/b><\/h4>\n<p style=\"text-align: center;\">Mohamed V airport: 32 Km<\/p>\n<p style=\"text-align: center;\">Casa-Port train station: 2 Km<\/p>\n<p>&nbsp;<\/p>\n<\/div>\n<\/div>\n<\/section>\n<\/div>\n<\/div>\n<p style=\"text-align: center;\">Discover the place : <a href=\"https:\/\/www.hyatt.com\/en-US\/hotel\/morocco\/hyatt-regency-casablanca\/casab\" target=\"_blank\" rel=\"noopener\">click here<\/a><\/p>\n<\/div>\n<\/div><\/div><\/div><\/div><\/div><div id=\"pg-2123-2\"  class=\"panel-grid panel-has-style\" ><div class=\"siteorigin-panels-stretch panel-row-style panel-row-style-for-2123-2\" id=\"services\" data-stretch-type=\"full-width-stretch\" ><div id=\"pgc-2123-2-0\"  class=\"panel-grid-cell\" ><div id=\"panel-2123-2-0-0\" class=\"so-panel widget widget_sow-image panel-first-child panel-last-child\" data-index=\"2\" ><div\n\t\t\t\n\t\t\tclass=\"so-widget-sow-image so-widget-sow-image-default-113ccd71f3e6-2123\"\n\t\t\t\n\t\t>\n<div class=\"sow-image-container\">\n\t\t\t<a href=\"https:\/\/www.mogadorhotels.com\/fr\/grand-mogador-city-center-page-279314\"\n\t\t\ttarget=\"_blank\" rel=\"noopener noreferrer\" \t\t>\n\t\t\t<img \n\tsrc=\"https:\/\/datacenter-forum.eu\/wp-content\/uploads\/2023\/12\/Hyatt-Regency-Emploi-Recrutement-2-1-300x157.webp\" width=\"300\" height=\"157\" srcset=\"https:\/\/datacenter-forum.eu\/wp-content\/uploads\/2023\/12\/Hyatt-Regency-Emploi-Recrutement-2-1-300x157.webp 300w, https:\/\/datacenter-forum.eu\/wp-content\/uploads\/2023\/12\/Hyatt-Regency-Emploi-Recrutement-2-1-1024x536.webp 1024w, https:\/\/datacenter-forum.eu\/wp-content\/uploads\/2023\/12\/Hyatt-Regency-Emploi-Recrutement-2-1-768x402.webp 768w, https:\/\/datacenter-forum.eu\/wp-content\/uploads\/2023\/12\/Hyatt-Regency-Emploi-Recrutement-2-1.webp 1200w\" sizes=\"(max-width: 300px) 100vw, 300px\" title=\"Hyatt-Regency-Emploi-Recrutement-2 (1)\" alt=\"\" \t\tclass=\"so-widget-image\"\/>\n\t\t\t<\/a><\/div>\n\n<\/div><\/div><\/div><div id=\"pgc-2123-2-1\"  class=\"panel-grid-cell\" ><div id=\"panel-2123-2-1-0\" class=\"so-panel widget widget_sow-features panel-first-child panel-last-child\" data-index=\"3\" ><div class=\"panel-widget-style panel-widget-style-for-2123-2-1-0\" ><div\n\t\t\t\n\t\t\tclass=\"so-widget-sow-features so-widget-sow-features-default-685524fc2801-2123\"\n\t\t\t\n\t\t><ul\n\tclass=\"sow-features-list\tsow-features-responsive\">\n\n\t\t\t<li\n\t\t\tclass=\"sow-features-feature sow-icon-container-position-top\"\n\t\t\tstyle=\"display: flex; flex-direction: column; width: calc(33.333% - 25px);\"\n\t\t>\n\t\t\t\n\t\t\t\t\t\t<div\t\t\t\tclass=\"sow-icon-container sow-container-none\"\n\t\t\t\tstyle=\"color: #404040; \"\n\t\t\t\t\n\t\t\t\t\t\t\t>\n\t\t\t\t<span class=\"sow-icon-elegantline\" data-sow-icon=\"&#xe025;\"\n\t\tstyle=\"font-size: 54px; color: #333333\" \n\t\taria-hidden=\"true\"><\/span>\t\t\t<\/div>\n\n\t\t\t<div class=\"textwidget\">\n\t\t\t\t\n\t\t\t\t\t\t\t\t\t<h5 class=\"sow-features-feature-title\">\n\t\t\t\t\t\tPlace\t\t\t\t\t<\/h5>\n\t\t\t\t\n\t\t\t\t\t\t\t\t\t<div class=\"sow-features-feature-text\">\n\t\t\t\t\t<div>Pl. des Nations Unies,<\/div>\n<div>Casablanca 20000, Morocco<\/div>\t\t\t\t\t<\/div>\n\t\t\t\t\t\t\t\t<\/div>\n\t\t\t\t\t\t\t\t<\/li>\n\n\t\t\t<li\n\t\t\tclass=\"sow-features-feature sow-icon-container-position-top\"\n\t\t\tstyle=\"display: flex; flex-direction: column; width: calc(33.333% - 25px);\"\n\t\t>\n\t\t\t\n\t\t\t\t\t\t<div\t\t\t\tclass=\"sow-icon-container sow-container-none\"\n\t\t\t\tstyle=\"color: #404040; \"\n\t\t\t\t\n\t\t\t\t\t\t\t>\n\t\t\t\t<span class=\"sow-icon-elegantline\" data-sow-icon=\"&#xe055;\"\n\t\tstyle=\"font-size: 54px; color: #333333\" \n\t\taria-hidden=\"true\"><\/span>\t\t\t<\/div>\n\n\t\t\t<div class=\"textwidget\">\n\t\t\t\t\n\t\t\t\t\t\t\t\t\t<h5 class=\"sow-features-feature-title\">\n\t\t\t\t\t\tTimetable\t\t\t\t\t<\/h5>\n\t\t\t\t\n\t\t\t\t\t\t\t\t\t<div class=\"sow-features-feature-text\">\n\t\t\t\t\t<div>8.30am to 5.00pm<\/div>\n<div>13 June 2024<\/div>\n\t\t\t\t\t<\/div>\n\t\t\t\t\t\t\t\t<\/div>\n\t\t\t\t\t\t\t\t<\/li>\n\n\t<\/ul>\n<\/div><\/div><\/div><\/div><\/div><\/div><div id=\"pg-2123-3\"  class=\"panel-grid panel-has-style\" ><div class=\"siteorigin-panels-stretch panel-row-style panel-row-style-for-2123-3\" data-stretch-type=\"full-width-stretch\" ><div id=\"pgc-2123-3-0\"  class=\"panel-grid-cell\" ><div id=\"panel-2123-3-0-0\" class=\"so-panel widget widget_sow-image panel-first-child panel-last-child\" data-index=\"4\" ><div\n\t\t\t\n\t\t\tclass=\"so-widget-sow-image so-widget-sow-image-default-8b5b6f678277-2123\"\n\t\t\t\n\t\t>\n<div class=\"sow-image-container\">\n\t\t\t<a href=\"https:\/\/www.hyatt.com\/fr-FR\/hotel\/morocco\/hyatt-regency-casablanca\/casab\"\n\t\t\t\t\t>\n\t\t\t<img \n\tsrc=\"https:\/\/datacenter-forum.eu\/wp-content\/uploads\/2023\/12\/Photo-1-Hyatt-plaquette-DCFA-2023.jpg\" width=\"960\" height=\"720\" srcset=\"https:\/\/datacenter-forum.eu\/wp-content\/uploads\/2023\/12\/Photo-1-Hyatt-plaquette-DCFA-2023.jpg 960w, https:\/\/datacenter-forum.eu\/wp-content\/uploads\/2023\/12\/Photo-1-Hyatt-plaquette-DCFA-2023-300x225.jpg 300w, https:\/\/datacenter-forum.eu\/wp-content\/uploads\/2023\/12\/Photo-1-Hyatt-plaquette-DCFA-2023-768x576.jpg 768w\" sizes=\"(max-width: 960px) 100vw, 960px\" title=\"Photo 1 Hyatt plaquette &#8211; DCFA 2023\" alt=\"\" \t\tclass=\"so-widget-image\"\/>\n\t\t\t<\/a><\/div>\n\n<\/div><\/div><\/div><div id=\"pgc-2123-3-1\"  class=\"panel-grid-cell\" ><div id=\"panel-2123-3-1-0\" class=\"so-panel widget widget_sow-image panel-first-child panel-last-child\" data-index=\"5\" ><div\n\t\t\t\n\t\t\tclass=\"so-widget-sow-image so-widget-sow-image-default-8b5b6f678277-2123\"\n\t\t\t\n\t\t>\n<div class=\"sow-image-container\">\n\t\t\t<a href=\"https:\/\/www.hyatt.com\/fr-FR\/hotel\/morocco\/hyatt-regency-casablanca\/casab\"\n\t\t\t\t\t>\n\t\t\t<img loading=\"lazy\" \n\tsrc=\"https:\/\/datacenter-forum.eu\/wp-content\/uploads\/2023\/12\/Photo-2-Hyatt-plaquette-DCFA-2023.png\" width=\"768\" height=\"576\" srcset=\"https:\/\/datacenter-forum.eu\/wp-content\/uploads\/2023\/12\/Photo-2-Hyatt-plaquette-DCFA-2023.png 768w, https:\/\/datacenter-forum.eu\/wp-content\/uploads\/2023\/12\/Photo-2-Hyatt-plaquette-DCFA-2023-300x225.png 300w\" sizes=\"(max-width: 768px) 100vw, 768px\" title=\"Photo 2 Hyatt plaquette &#8211; DCFA 2023\" alt=\"\" \t\tclass=\"so-widget-image\"\/>\n\t\t\t<\/a><\/div>\n\n<\/div><\/div><\/div><div id=\"pgc-2123-3-2\"  class=\"panel-grid-cell\" ><div id=\"panel-2123-3-2-0\" class=\"so-panel widget widget_sow-image panel-first-child panel-last-child\" data-index=\"6\" ><div\n\t\t\t\n\t\t\tclass=\"so-widget-sow-image so-widget-sow-image-default-8b5b6f678277-2123\"\n\t\t\t\n\t\t>\n<div class=\"sow-image-container\">\n\t\t\t<a href=\"https:\/\/www.hyatt.com\/fr-FR\/hotel\/morocco\/hyatt-regency-casablanca\/casab\"\n\t\t\t\t\t>\n\t\t\t<img loading=\"lazy\" \n\tsrc=\"https:\/\/datacenter-forum.eu\/wp-content\/uploads\/2023\/12\/Photo-3-Hyatt-plaquette-DCFA-2023.png\" width=\"960\" height=\"720\" srcset=\"https:\/\/datacenter-forum.eu\/wp-content\/uploads\/2023\/12\/Photo-3-Hyatt-plaquette-DCFA-2023.png 960w, https:\/\/datacenter-forum.eu\/wp-content\/uploads\/2023\/12\/Photo-3-Hyatt-plaquette-DCFA-2023-300x225.png 300w, https:\/\/datacenter-forum.eu\/wp-content\/uploads\/2023\/12\/Photo-3-Hyatt-plaquette-DCFA-2023-768x576.png 768w\" sizes=\"(max-width: 960px) 100vw, 960px\" title=\"Photo 3 Hyatt plaquette &#8211; DCFA 2023\" alt=\"\" \t\tclass=\"so-widget-image\"\/>\n\t\t\t<\/a><\/div>\n\n<\/div><\/div><\/div><div id=\"pgc-2123-3-3\"  class=\"panel-grid-cell\" ><div id=\"panel-2123-3-3-0\" class=\"so-panel widget widget_sow-image panel-first-child panel-last-child\" data-index=\"7\" ><div\n\t\t\t\n\t\t\tclass=\"so-widget-sow-image so-widget-sow-image-default-8b5b6f678277-2123\"\n\t\t\t\n\t\t>\n<div class=\"sow-image-container\">\n\t\t\t<a href=\"https:\/\/www.hyatt.com\/fr-FR\/hotel\/morocco\/hyatt-regency-casablanca\/casab\"\n\t\t\t\t\t>\n\t\t\t<img loading=\"lazy\" \n\tsrc=\"https:\/\/datacenter-forum.eu\/wp-content\/uploads\/2023\/12\/Photo-4-Hyatt-plaquette-DCFA-2023.png\" width=\"960\" height=\"720\" srcset=\"https:\/\/datacenter-forum.eu\/wp-content\/uploads\/2023\/12\/Photo-4-Hyatt-plaquette-DCFA-2023.png 960w, https:\/\/datacenter-forum.eu\/wp-content\/uploads\/2023\/12\/Photo-4-Hyatt-plaquette-DCFA-2023-300x225.png 300w, https:\/\/datacenter-forum.eu\/wp-content\/uploads\/2023\/12\/Photo-4-Hyatt-plaquette-DCFA-2023-768x576.png 768w\" sizes=\"(max-width: 960px) 100vw, 960px\" title=\"Photo 4 Hyatt plaquette &#8211; DCFA 2023\" alt=\"\" \t\tclass=\"so-widget-image\"\/>\n\t\t\t<\/a><\/div>\n\n<\/div><\/div><\/div><\/div><\/div><div id=\"pg-2123-4\"  class=\"panel-grid panel-no-style\" ><div id=\"pgc-2123-4-0\"  class=\"panel-grid-cell\" ><div id=\"panel-2123-4-0-0\" class=\"so-panel widget widget_sow-button panel-first-child panel-last-child\" data-index=\"8\" ><div\n\t\t\t\n\t\t\tclass=\"so-widget-sow-button so-widget-sow-button-atom-f54c0409268f-2123\"\n\t\t\t\n\t\t><div class=\"ow-button-base ow-button-align-center\"\n>\n\t\t\t<a\n\t\t\t\t\thref=\"https:\/\/www.eventbrite.fr\/e\/inscription-data-center-forum-afrique-2024-780753804647\"\n\t\t\t\t\tclass=\"sowb-button ow-icon-placement-left ow-button-hover\" target=\"_blank\" rel=\"noopener noreferrer\" \t>\n\t\t<span>\n\t\t\t\n\t\t\tI'M REGISTERING!  - DCFA CASABLACA 2024\t\t<\/span>\n\t\t\t<\/a>\n\t<\/div>\n<\/div><\/div><\/div><\/div><\/div>","protected":false},"excerpt":{"rendered":"<p>Comment acc\u00e8de t-on \u00e0 l&rsquo;h\u00f4tel Haytt Regency Casablanca ? L\u2019h\u00f4tel est situ\u00e9 au centre-ville, vous pouvez profiter d\u2019un acc\u00e8s facile \u00e0 plusieurs attractions, Mosqu\u00e9e Hassan II, ancienne M\u00e9dina, La Corniche. &nbsp; Parking Parking gratuit avec valet. Autres Transports &nbsp; SERVICE LIMOUSINE Un service Limousine de l\u2019a\u00e9roport Mohamed V \u00e0 l\u2019H\u00f4tel est propos\u00e9 \u00e0 700 Dirhams par trajet. Veuillez contacter notre concierge pour toute assistance +212 522 431234. DISTANCE A\u00e9roport Mohamed V : 32 Km Station de Train Casa-Port : 2 Km &nbsp; D\u00e9couvrez le lieu\u00a0: cliquez ici<\/p>","protected":false},"author":1,"featured_media":0,"parent":0,"menu_order":0,"comment_status":"closed","ping_status":"closed","template":"","meta":{"footnotes":""},"class_list":["post-2123","page","type-page","status-publish","hentry","entry"],"_links":{"self":[{"href":"https:\/\/datacenter-forum.eu\/en\/wp-json\/wp\/v2\/pages\/2123","targetHints":{"allow":["GET"]}}],"collection":[{"href":"https:\/\/datacenter-forum.eu\/en\/wp-json\/wp\/v2\/pages"}],"about":[{"href":"https:\/\/datacenter-forum.eu\/en\/wp-json\/wp\/v2\/types\/page"}],"author":[{"embeddable":true,"href":"https:\/\/datacenter-forum.eu\/en\/wp-json\/wp\/v2\/users\/1"}],"replies":[{"embeddable":true,"href":"https:\/\/datacenter-forum.eu\/en\/wp-json\/wp\/v2\/comments?post=2123"}],"version-history":[{"count":22,"href":"https:\/\/datacenter-forum.eu\/en\/wp-json\/wp\/v2\/pages\/2123\/revisions"}],"predecessor-version":[{"id":2541,"href":"https:\/\/datacenter-forum.eu\/en\/wp-json\/wp\/v2\/pages\/2123\/revisions\/2541"}],"wp:attachment":[{"href":"https:\/\/datacenter-forum.eu\/en\/wp-json\/wp\/v2\/media?parent=2123"}],"curies":[{"name":"wp","href":"https:\/\/api.w.org\/{rel}","templated":true}]}}