{"id":2587,"date":"2024-05-15T17:54:30","date_gmt":"2024-05-15T15:54:30","guid":{"rendered":"https:\/\/datacenter-forum.eu\/?page_id=2587"},"modified":"2024-06-04T20:41:40","modified_gmt":"2024-06-04T18:41:40","slug":"orateurs-2024","status":"publish","type":"page","link":"https:\/\/datacenter-forum.eu\/en\/orateurs-2024\/","title":{"rendered":"ORATEURS 2024"},"content":{"rendered":"<div id=\"pl-2587\"  class=\"panel-layout\" ><div id=\"pg-2587-0\"  class=\"panel-grid panel-no-style\" ><div id=\"pgc-2587-0-0\"  class=\"panel-grid-cell\" ><div id=\"panel-2587-0-0-0\" class=\"so-panel widget widget_sow-editor panel-first-child panel-last-child\" data-index=\"0\" ><div\n\t\t\t\n\t\t\tclass=\"so-widget-sow-editor so-widget-sow-editor-base\"\n\t\t\t\n\t\t>\n<div class=\"siteorigin-widget-tinymce textwidget\">\n\t<p><span class=\"popmake-1158\"><img fetchpriority=\"high\" decoding=\"async\" class=\"alignnone size-full wp-image-1160 aligncenter\" src=\"https:\/\/datacenter-forum.eu\/wp-content\/uploads\/2022\/04\/data-center-forum-afrique-orateur-yves-grandmontagne.jpg\" alt=\"data-center-forum-afrique-orateur-yves-grandmontagne\" width=\"245\" height=\"300\" \/><\/span><\/p>\n<h4 style=\"text-align: center; color: #732b90;\"><span class=\"popmake-1158\">Yves Grandmontagne <\/span><\/h4>\n<p style=\"text-align: center;\">Founder and editor-in-chief<br \/>\nDatacenter Magazine<\/p>\n<\/div>\n<\/div><\/div><\/div><div id=\"pgc-2587-0-1\"  class=\"panel-grid-cell\" ><div id=\"panel-2587-0-1-0\" class=\"so-panel widget widget_sow-editor panel-first-child panel-last-child\" data-index=\"1\" ><div\n\t\t\t\n\t\t\tclass=\"so-widget-sow-editor so-widget-sow-editor-base\"\n\t\t\t\n\t\t>\n<div class=\"siteorigin-widget-tinymce textwidget\">\n\t<p><span class=\"popmake-1135\"><img decoding=\"async\" class=\"alignnone size-full wp-image-1134 aligncenter\" src=\"https:\/\/datacenter-forum.eu\/wp-content\/uploads\/2022\/04\/data-center-forum-afrique-orateur-olivier-labbe.jpg\" alt=\"data-center-forum-afrique-orateur-olivier-labbe\" width=\"245\" height=\"300\" \/><\/span><\/p>\n<h4 style=\"text-align: center; color: #732b90;\"><span class=\"popmake-1135\">Olivier Labb\u00e9 <\/span><\/h4>\n<p style=\"text-align: center;\">Managing Director<br \/>\nBLUESUN DC<\/p>\n<\/div>\n<\/div><\/div><\/div><div id=\"pgc-2587-0-2\"  class=\"panel-grid-cell\" ><div id=\"panel-2587-0-2-0\" class=\"so-panel widget widget_sow-editor panel-first-child panel-last-child\" data-index=\"2\" ><div\n\t\t\t\n\t\t\tclass=\"so-widget-sow-editor so-widget-sow-editor-base\"\n\t\t\t\n\t\t>\n<div class=\"siteorigin-widget-tinymce textwidget\">\n\t<p><span class=\"popmake-1362\"><img decoding=\"async\" class=\"size-medium wp-image-2589 aligncenter\" src=\"https:\/\/datacenter-forum.eu\/wp-content\/uploads\/2024\/05\/Photo-PLEYNET-Jeremie-225x300.jpg\" alt=\"\" width=\"225\" height=\"300\" srcset=\"https:\/\/datacenter-forum.eu\/wp-content\/uploads\/2024\/05\/Photo-PLEYNET-Jeremie-225x300.jpg 225w, https:\/\/datacenter-forum.eu\/wp-content\/uploads\/2024\/05\/Photo-PLEYNET-Jeremie-768x1024.jpg 768w, https:\/\/datacenter-forum.eu\/wp-content\/uploads\/2024\/05\/Photo-PLEYNET-Jeremie-1152x1536.jpg 1152w, https:\/\/datacenter-forum.eu\/wp-content\/uploads\/2024\/05\/Photo-PLEYNET-Jeremie-1536x2048.jpg 1536w, https:\/\/datacenter-forum.eu\/wp-content\/uploads\/2024\/05\/Photo-PLEYNET-Jeremie-1024x1365.jpg 1024w, https:\/\/datacenter-forum.eu\/wp-content\/uploads\/2024\/05\/Photo-PLEYNET-Jeremie-810x1080.jpg 810w, https:\/\/datacenter-forum.eu\/wp-content\/uploads\/2024\/05\/Photo-PLEYNET-Jeremie-scaled.jpg 1920w\" sizes=\"(max-width: 225px) 100vw, 225px\" \/><\/span><\/p>\n<h4 style=\"text-align: center; color: #732b90;\">J\u00e9r\u00e9mie Pleynet<\/h4>\n<p style=\"text-align: center;\">Responsable du d\u00e9veloppement commercial, Critical Power Solutions<br \/>\nEATON<\/p>\n<\/div>\n<\/div><\/div><\/div><div id=\"pgc-2587-0-3\"  class=\"panel-grid-cell\" ><div id=\"panel-2587-0-3-0\" class=\"so-panel widget widget_sow-editor panel-first-child panel-last-child\" data-index=\"3\" ><div\n\t\t\t\n\t\t\tclass=\"so-widget-sow-editor so-widget-sow-editor-base\"\n\t\t\t\n\t\t>\n<div class=\"siteorigin-widget-tinymce textwidget\">\n\t<p><span class=\"popmake-1319\"><img loading=\"lazy\" decoding=\"async\" class=\"wp-image-2615 size-medium aligncenter\" src=\"https:\/\/datacenter-forum.eu\/wp-content\/uploads\/2024\/05\/SOFIA-225x300.png\" alt=\"\" width=\"225\" height=\"300\" srcset=\"https:\/\/datacenter-forum.eu\/wp-content\/uploads\/2024\/05\/SOFIA-225x300.png 225w, https:\/\/datacenter-forum.eu\/wp-content\/uploads\/2024\/05\/SOFIA-768x1024.png 768w, https:\/\/datacenter-forum.eu\/wp-content\/uploads\/2024\/05\/SOFIA-1152x1536.png 1152w, https:\/\/datacenter-forum.eu\/wp-content\/uploads\/2024\/05\/SOFIA-1024x1365.png 1024w, https:\/\/datacenter-forum.eu\/wp-content\/uploads\/2024\/05\/SOFIA-810x1080.png 810w, https:\/\/datacenter-forum.eu\/wp-content\/uploads\/2024\/05\/SOFIA.png 1500w\" sizes=\"auto, (max-width: 225px) 100vw, 225px\" \/><\/span><\/p>\n<h4 style=\"text-align: center; color: #732b90;\">Sofia Benqassem<\/h4>\n<p style=\"text-align: center;\">Consultante Num\u00e9rique Responsable<br \/>\nAPL Data Center<\/p>\n<\/div>\n<\/div><\/div><\/div><\/div><div id=\"pg-2587-1\"  class=\"panel-grid panel-no-style\" ><div id=\"pgc-2587-1-0\"  class=\"panel-grid-cell\" ><div id=\"panel-2587-1-0-0\" class=\"so-panel widget widget_sow-editor panel-first-child panel-last-child\" data-index=\"4\" ><div\n\t\t\t\n\t\t\tclass=\"so-widget-sow-editor so-widget-sow-editor-base\"\n\t\t\t\n\t\t>\n<div class=\"siteorigin-widget-tinymce textwidget\">\n\t<p><span class=\"popmake-1416\"><img loading=\"lazy\" decoding=\"async\" class=\"wp-image-2617 size-medium aligncenter\" src=\"https:\/\/datacenter-forum.eu\/wp-content\/uploads\/2024\/05\/ACHILL-225x300.png\" alt=\"\" width=\"225\" height=\"300\" srcset=\"https:\/\/datacenter-forum.eu\/wp-content\/uploads\/2024\/05\/ACHILL-225x300.png 225w, https:\/\/datacenter-forum.eu\/wp-content\/uploads\/2024\/05\/ACHILL-768x1024.png 768w, https:\/\/datacenter-forum.eu\/wp-content\/uploads\/2024\/05\/ACHILL-1152x1536.png 1152w, https:\/\/datacenter-forum.eu\/wp-content\/uploads\/2024\/05\/ACHILL-1024x1365.png 1024w, https:\/\/datacenter-forum.eu\/wp-content\/uploads\/2024\/05\/ACHILL-810x1080.png 810w, https:\/\/datacenter-forum.eu\/wp-content\/uploads\/2024\/05\/ACHILL.png 1500w\" sizes=\"auto, (max-width: 225px) 100vw, 225px\" \/><\/span><\/p>\n<h4 style=\"text-align: center; color: #732b90;\"><span class=\"popmake-1416\">Achille Sarr<\/span><\/h4>\n<p style=\"text-align: center;\">Business development Director | Africa<br \/>\nAPL DATA CENTER<\/p>\n<\/div>\n<\/div><\/div><\/div><div id=\"pgc-2587-1-1\"  class=\"panel-grid-cell\" ><div id=\"panel-2587-1-1-0\" class=\"so-panel widget widget_sow-editor panel-first-child panel-last-child\" data-index=\"5\" ><div\n\t\t\t\n\t\t\tclass=\"so-widget-sow-editor so-widget-sow-editor-base\"\n\t\t\t\n\t\t>\n<div class=\"siteorigin-widget-tinymce textwidget\">\n\t<p><span class=\"popmake-1237\"><img loading=\"lazy\" decoding=\"async\" class=\"wp-image-2616 size-medium aligncenter\" src=\"https:\/\/datacenter-forum.eu\/wp-content\/uploads\/2024\/05\/KHALID-225x300.png\" alt=\"\" width=\"225\" height=\"300\" srcset=\"https:\/\/datacenter-forum.eu\/wp-content\/uploads\/2024\/05\/KHALID-225x300.png 225w, https:\/\/datacenter-forum.eu\/wp-content\/uploads\/2024\/05\/KHALID-768x1024.png 768w, https:\/\/datacenter-forum.eu\/wp-content\/uploads\/2024\/05\/KHALID-1152x1536.png 1152w, https:\/\/datacenter-forum.eu\/wp-content\/uploads\/2024\/05\/KHALID-1024x1365.png 1024w, https:\/\/datacenter-forum.eu\/wp-content\/uploads\/2024\/05\/KHALID-810x1080.png 810w, https:\/\/datacenter-forum.eu\/wp-content\/uploads\/2024\/05\/KHALID.png 1500w\" sizes=\"auto, (max-width: 225px) 100vw, 225px\" \/><\/span><\/p>\n<h4 style=\"text-align: center; color: #732b90;\"><span class=\"popmake-1237\">Khalid Touris<\/span><\/h4>\n<p style=\"text-align: center;\">Project manager<br \/>\nAPL DATA CENTER<\/p>\n<p style=\"text-align: center;\">\n<\/div>\n<\/div><\/div><\/div><div id=\"pgc-2587-1-2\"  class=\"panel-grid-cell\" ><div id=\"panel-2587-1-2-0\" class=\"so-panel widget widget_sow-editor panel-first-child panel-last-child\" data-index=\"6\" ><div\n\t\t\t\n\t\t\tclass=\"so-widget-sow-editor so-widget-sow-editor-base\"\n\t\t\t\n\t\t>\n<div class=\"siteorigin-widget-tinymce textwidget\">\n\t<p><span class=\"popmake-1362\"><img loading=\"lazy\" decoding=\"async\" class=\"wp-image-2630 size-medium aligncenter\" src=\"https:\/\/datacenter-forum.eu\/wp-content\/uploads\/2024\/05\/tarik-indd-225x300.png\" alt=\"\" width=\"225\" height=\"300\" srcset=\"https:\/\/datacenter-forum.eu\/wp-content\/uploads\/2024\/05\/tarik-indd-225x300.png 225w, https:\/\/datacenter-forum.eu\/wp-content\/uploads\/2024\/05\/tarik-indd-768x1024.png 768w, https:\/\/datacenter-forum.eu\/wp-content\/uploads\/2024\/05\/tarik-indd-1152x1536.png 1152w, https:\/\/datacenter-forum.eu\/wp-content\/uploads\/2024\/05\/tarik-indd-1024x1365.png 1024w, https:\/\/datacenter-forum.eu\/wp-content\/uploads\/2024\/05\/tarik-indd-810x1080.png 810w, https:\/\/datacenter-forum.eu\/wp-content\/uploads\/2024\/05\/tarik-indd.png 1500w\" sizes=\"auto, (max-width: 225px) 100vw, 225px\" \/><\/span><\/p>\n<h4 style=\"text-align: center; color: #732b90;\">Tarik Bahanniss<\/h4>\n<p style=\"text-align: center;\">Vice President Africa<br \/>\nUPTIME INSTITUTE<\/p>\n<\/div>\n<\/div><\/div><\/div><div id=\"pgc-2587-1-3\"  class=\"panel-grid-cell\" ><div id=\"panel-2587-1-3-0\" class=\"so-panel widget widget_sow-editor panel-first-child panel-last-child\" data-index=\"7\" ><div\n\t\t\t\n\t\t\tclass=\"so-widget-sow-editor so-widget-sow-editor-base\"\n\t\t\t\n\t\t>\n<div class=\"siteorigin-widget-tinymce textwidget\">\n\t<p><span class=\"popmake-1362\"><img loading=\"lazy\" decoding=\"async\" class=\"wp-image-2645 size-medium aligncenter\" src=\"https:\/\/datacenter-forum.eu\/wp-content\/uploads\/2024\/05\/Faouz-indd-225x300.png\" alt=\"\" width=\"225\" height=\"300\" srcset=\"https:\/\/datacenter-forum.eu\/wp-content\/uploads\/2024\/05\/Faouz-indd-225x300.png 225w, https:\/\/datacenter-forum.eu\/wp-content\/uploads\/2024\/05\/Faouz-indd-768x1024.png 768w, https:\/\/datacenter-forum.eu\/wp-content\/uploads\/2024\/05\/Faouz-indd-1152x1536.png 1152w, https:\/\/datacenter-forum.eu\/wp-content\/uploads\/2024\/05\/Faouz-indd-1024x1365.png 1024w, https:\/\/datacenter-forum.eu\/wp-content\/uploads\/2024\/05\/Faouz-indd-810x1080.png 810w, https:\/\/datacenter-forum.eu\/wp-content\/uploads\/2024\/05\/Faouz-indd.png 1500w\" sizes=\"auto, (max-width: 225px) 100vw, 225px\" \/><\/span><\/p>\n<h4 style=\"text-align: center; color: #732b90;\">Faouz Bouteleb Joutei<\/h4>\n<p style=\"text-align: center;\">Energy Solution Director<br \/>\nHUAWEI<\/p>\n<\/div>\n<\/div><\/div><\/div><\/div><div id=\"pg-2587-2\"  class=\"panel-grid panel-no-style\" ><div id=\"pgc-2587-2-0\"  class=\"panel-grid-cell panel-grid-cell-empty\" ><\/div><div id=\"pgc-2587-2-1\"  class=\"panel-grid-cell\" ><div id=\"panel-2587-2-1-0\" class=\"so-panel widget widget_sow-editor panel-first-child panel-last-child\" data-index=\"8\" ><div\n\t\t\t\n\t\t\tclass=\"so-widget-sow-editor so-widget-sow-editor-base\"\n\t\t\t\n\t\t>\n<div class=\"siteorigin-widget-tinymce textwidget\">\n\t<p><span class=\"popmake-1416\"><img loading=\"lazy\" decoding=\"async\" class=\"wp-image-2691 size-medium aligncenter\" src=\"https:\/\/datacenter-forum.eu\/wp-content\/uploads\/2024\/06\/Jonathan-Indd-225x300.png\" alt=\"\" width=\"225\" height=\"300\" srcset=\"https:\/\/datacenter-forum.eu\/wp-content\/uploads\/2024\/06\/Jonathan-Indd-225x300.png 225w, https:\/\/datacenter-forum.eu\/wp-content\/uploads\/2024\/06\/Jonathan-Indd-768x1024.png 768w, https:\/\/datacenter-forum.eu\/wp-content\/uploads\/2024\/06\/Jonathan-Indd-1152x1536.png 1152w, https:\/\/datacenter-forum.eu\/wp-content\/uploads\/2024\/06\/Jonathan-Indd-1024x1365.png 1024w, https:\/\/datacenter-forum.eu\/wp-content\/uploads\/2024\/06\/Jonathan-Indd-810x1080.png 810w, https:\/\/datacenter-forum.eu\/wp-content\/uploads\/2024\/06\/Jonathan-Indd.png 1500w\" sizes=\"auto, (max-width: 225px) 100vw, 225px\" \/><\/span><\/p>\n<h4 style=\"text-align: center; color: #732b90;\"><span class=\"popmake-1416\">Jonathan Abbott<\/span><\/h4>\n<p style=\"text-align: center;\">Telecom Strategic Clients Director EMEA<br \/>\nVERTIV<\/p>\n<\/div>\n<\/div><\/div><\/div><div id=\"pgc-2587-2-2\"  class=\"panel-grid-cell panel-grid-cell-mobile-last\" ><div id=\"panel-2587-2-2-0\" class=\"so-panel widget widget_sow-editor panel-first-child panel-last-child\" data-index=\"9\" ><div\n\t\t\t\n\t\t\tclass=\"so-widget-sow-editor so-widget-sow-editor-base\"\n\t\t\t\n\t\t>\n<div class=\"siteorigin-widget-tinymce textwidget\">\n\t<p><span class=\"popmake-1362\"><img loading=\"lazy\" decoding=\"async\" class=\"wp-image-2693 size-medium aligncenter\" src=\"https:\/\/datacenter-forum.eu\/wp-content\/uploads\/2024\/06\/Bernarr-indd-225x300.png\" alt=\"\" width=\"225\" height=\"300\" srcset=\"https:\/\/datacenter-forum.eu\/wp-content\/uploads\/2024\/06\/Bernarr-indd-225x300.png 225w, https:\/\/datacenter-forum.eu\/wp-content\/uploads\/2024\/06\/Bernarr-indd-768x1024.png 768w, https:\/\/datacenter-forum.eu\/wp-content\/uploads\/2024\/06\/Bernarr-indd-1152x1536.png 1152w, https:\/\/datacenter-forum.eu\/wp-content\/uploads\/2024\/06\/Bernarr-indd-1024x1365.png 1024w, https:\/\/datacenter-forum.eu\/wp-content\/uploads\/2024\/06\/Bernarr-indd-810x1080.png 810w, https:\/\/datacenter-forum.eu\/wp-content\/uploads\/2024\/06\/Bernarr-indd.png 1500w\" sizes=\"auto, (max-width: 225px) 100vw, 225px\" \/><\/span><\/p>\n<h4 style=\"text-align: center; color: #732b90;\">Bernard Lecanu<\/h4>\n<p style=\"text-align: center;\">Advisor to Europe and ADCA on the Code of Conduct for Data CentresProject Manager<\/p>\n<p style=\"text-align: center;\">BLIC - CONSULTANT<\/p>\n<\/div>\n<\/div><\/div><\/div><div id=\"pgc-2587-2-3\"  class=\"panel-grid-cell panel-grid-cell-empty\" ><\/div><\/div><\/div>","protected":false},"excerpt":{"rendered":"<p>Yves Grandmontagne Fondateur et r\u00e9dacteur en chef Datacenter Magazine Olivier Labb\u00e9 Directeur G\u00e9n\u00e9ral BLUESUN DC J\u00e9r\u00e9mie Pleynet Business Development Manager, Critical Power Solutions EATON Sofia Benqassem Consultante Num\u00e9rique Responsable APL Data Center Achille Sarr Business development Director | Africa APL DATA CENTER Khalid Touris Chef de projet APL DATA CENTER Tarik Bahanniss Vice President Africa UPTIME INSTITUTE Faouz Bouteleb Joutei Energy Solution Director HUAWEI<\/p>","protected":false},"author":1,"featured_media":0,"parent":0,"menu_order":0,"comment_status":"closed","ping_status":"closed","template":"","meta":{"footnotes":""},"class_list":["post-2587","page","type-page","status-publish","hentry","entry"],"_links":{"self":[{"href":"https:\/\/datacenter-forum.eu\/en\/wp-json\/wp\/v2\/pages\/2587","targetHints":{"allow":["GET"]}}],"collection":[{"href":"https:\/\/datacenter-forum.eu\/en\/wp-json\/wp\/v2\/pages"}],"about":[{"href":"https:\/\/datacenter-forum.eu\/en\/wp-json\/wp\/v2\/types\/page"}],"author":[{"embeddable":true,"href":"https:\/\/datacenter-forum.eu\/en\/wp-json\/wp\/v2\/users\/1"}],"replies":[{"embeddable":true,"href":"https:\/\/datacenter-forum.eu\/en\/wp-json\/wp\/v2\/comments?post=2587"}],"version-history":[{"count":11,"href":"https:\/\/datacenter-forum.eu\/en\/wp-json\/wp\/v2\/pages\/2587\/revisions"}],"predecessor-version":[{"id":2695,"href":"https:\/\/datacenter-forum.eu\/en\/wp-json\/wp\/v2\/pages\/2587\/revisions\/2695"}],"wp:attachment":[{"href":"https:\/\/datacenter-forum.eu\/en\/wp-json\/wp\/v2\/media?parent=2587"}],"curies":[{"name":"wp","href":"https:\/\/api.w.org\/{rel}","templated":true}]}}