{"id":3068,"date":"2025-05-07T16:37:38","date_gmt":"2025-05-07T14:37:38","guid":{"rendered":"https:\/\/datacenter-forum.eu\/?page_id=3068"},"modified":"2025-09-02T10:50:28","modified_gmt":"2025-09-02T08:50:28","slug":"programme","status":"publish","type":"page","link":"https:\/\/datacenter-forum.eu\/en\/programme\/","title":{"rendered":"PROGRAM"},"content":{"rendered":"<div data-elementor-type=\"wp-page\" data-elementor-id=\"3068\" class=\"elementor elementor-3068\">\n\t\t\t\t<div class=\"elementor-element elementor-element-79e7c79 e-grid e-con-full wpr-particle-no wpr-jarallax-no wpr-parallax-no wpr-sticky-section-no e-con e-parent\" data-id=\"79e7c79\" data-element_type=\"container\">\n\t\t\t\t<div class=\"elementor-element elementor-element-2662fc0 elementor-view-framed elementor-position-left elementor-shape-circle elementor-mobile-position-top elementor-widget elementor-widget-icon-box\" data-id=\"2662fc0\" data-element_type=\"widget\" data-widget_type=\"icon-box.default\">\n\t\t\t\t<div class=\"elementor-widget-container\">\n\t\t\t\t\t\t\t<div class=\"elementor-icon-box-wrapper\">\n\n\t\t\t\t\t\t<div class=\"elementor-icon-box-icon\">\n\t\t\t\t<span  class=\"elementor-icon\">\n\t\t\t\t<svg aria-hidden=\"true\" class=\"e-font-icon-svg e-fas-coffee\" viewbox=\"0 0 640 512\" xmlns=\"http:\/\/www.w3.org\/2000\/svg\"><path d=\"M192 384h192c53 0 96-43 96-96h32c70.6 0 128-57.4 128-128S582.6 32 512 32H120c-13.3 0-24 10.7-24 24v232c0 53 43 96 96 96zM512 96c35.3 0 64 28.7 64 64s-28.7 64-64 64h-32V96h32zm47.7 384H48.3c-47.6 0-61-64-36-64h583.3c25 0 11.8 64-35.9 64z\"><\/path><\/svg>\t\t\t\t<\/span>\n\t\t\t<\/div>\n\t\t\t\n\t\t\t\t\t\t<div class=\"elementor-icon-box-content\">\n\n\t\t\t\t\t\t\t\t\t<h3 class=\"elementor-icon-box-title\">\n\t\t\t\t\t\t<span  >\n\t\t\t\t\t\t\t10:00am : Welcome &amp; Breakfast\t\t\t\t\t\t<\/span>\n\t\t\t\t\t<\/h3>\n\t\t\t\t\n\t\t\t\t\t\t\t\t\t<p class=\"elementor-icon-box-description\">\n\t\t\t\t\t\tWelcome coffee and pastries to start the morning in a friendly atmosphere.\n\n\t\t\t\t\t<\/p>\n\t\t\t\t\n\t\t\t<\/div>\n\t\t\t\n\t\t<\/div>\n\t\t\t\t\t\t<\/div>\n\t\t\t\t<\/div>\n\t\t\t\t<div class=\"elementor-element elementor-element-aadbe9e e-transform elementor-invisible elementor-widget elementor-widget-image\" data-id=\"aadbe9e\" data-element_type=\"widget\" data-settings=\"{&quot;_animation&quot;:&quot;fadeInLeft&quot;,&quot;_transform_rotateZ_effect&quot;:{&quot;unit&quot;:&quot;px&quot;,&quot;size&quot;:-90,&quot;sizes&quot;:[]},&quot;_transform_rotateZ_effect_tablet&quot;:{&quot;unit&quot;:&quot;deg&quot;,&quot;size&quot;:&quot;&quot;,&quot;sizes&quot;:[]},&quot;_transform_rotateZ_effect_mobile&quot;:{&quot;unit&quot;:&quot;deg&quot;,&quot;size&quot;:&quot;&quot;,&quot;sizes&quot;:[]}}\" data-widget_type=\"image.default\">\n\t\t\t\t<div class=\"elementor-widget-container\">\n\t\t\t\t\t\t\t\t\t\t\t\t\t\t\t<img fetchpriority=\"high\" decoding=\"async\" width=\"200\" height=\"300\" src=\"https:\/\/datacenter-forum.eu\/wp-content\/uploads\/2025\/05\/5E0A2061-scaled.jpg\" class=\"attachment-medium size-medium wp-image-3587\" alt=\"\" srcset=\"https:\/\/datacenter-forum.eu\/wp-content\/uploads\/2025\/05\/5E0A2061-scaled.jpg 1707w, https:\/\/datacenter-forum.eu\/wp-content\/uploads\/2025\/05\/5E0A2061-scaled-8x12.jpg 8w, https:\/\/datacenter-forum.eu\/wp-content\/uploads\/2025\/05\/5E0A2061-scaled-1024x1536.jpg 1024w, https:\/\/datacenter-forum.eu\/wp-content\/uploads\/2025\/05\/5E0A2061-scaled-1366x2048.jpg 1366w\" sizes=\"(max-width: 200px) 100vw, 200px\" \/>\t\t\t\t\t\t\t\t\t\t\t\t\t\t\t<\/div>\n\t\t\t\t<\/div>\n\t\t\t\t<\/div>\n\t\t<div class=\"elementor-element elementor-element-1403b95 e-grid e-con-boxed wpr-particle-no wpr-jarallax-no wpr-parallax-no wpr-sticky-section-no e-con e-parent\" data-id=\"1403b95\" data-element_type=\"container\">\n\t\t\t\t\t<div class=\"e-con-inner\">\n\t\t\t\t<div class=\"elementor-element elementor-element-fc0be7c elementor-invisible elementor-widget elementor-widget-image\" data-id=\"fc0be7c\" data-element_type=\"widget\" data-settings=\"{&quot;_animation&quot;:&quot;fadeInRight&quot;}\" data-widget_type=\"image.default\">\n\t\t\t\t<div class=\"elementor-widget-container\">\n\t\t\t\t\t\t\t\t\t\t\t\t\t\t\t<img decoding=\"async\" width=\"205\" height=\"300\" src=\"https:\/\/datacenter-forum.eu\/wp-content\/uploads\/2025\/05\/5E0A5495-205x300.jpg\" class=\"attachment-medium size-medium wp-image-3593\" alt=\"\" srcset=\"https:\/\/datacenter-forum.eu\/wp-content\/uploads\/2025\/05\/5E0A5495-205x300.jpg 205w, https:\/\/datacenter-forum.eu\/wp-content\/uploads\/2025\/05\/5E0A5495-698x1024.jpg 698w, https:\/\/datacenter-forum.eu\/wp-content\/uploads\/2025\/05\/5E0A5495-8x12.jpg 8w, https:\/\/datacenter-forum.eu\/wp-content\/uploads\/2025\/05\/5E0A5495.jpg 1000w\" sizes=\"(max-width: 205px) 100vw, 205px\" \/>\t\t\t\t\t\t\t\t\t\t\t\t\t\t\t<\/div>\n\t\t\t\t<\/div>\n\t\t\t\t<div class=\"elementor-element elementor-element-79ab932 elementor-view-framed elementor-position-left elementor-shape-circle elementor-mobile-position-top elementor-widget elementor-widget-icon-box\" data-id=\"79ab932\" data-element_type=\"widget\" data-widget_type=\"icon-box.default\">\n\t\t\t\t<div class=\"elementor-widget-container\">\n\t\t\t\t\t\t\t<div class=\"elementor-icon-box-wrapper\">\n\n\t\t\t\t\t\t<div class=\"elementor-icon-box-icon\">\n\t\t\t\t<span  class=\"elementor-icon\">\n\t\t\t\t<svg aria-hidden=\"true\" class=\"e-font-icon-svg e-fas-microphone\" viewbox=\"0 0 352 512\" xmlns=\"http:\/\/www.w3.org\/2000\/svg\"><path d=\"M176 352c53.02 0 96-42.98 96-96V96c0-53.02-42.98-96-96-96S80 42.98 80 96v160c0 53.02 42.98 96 96 96zm160-160h-16c-8.84 0-16 7.16-16 16v48c0 74.8-64.49 134.82-140.79 127.38C96.71 376.89 48 317.11 48 250.3V208c0-8.84-7.16-16-16-16H16c-8.84 0-16 7.16-16 16v40.16c0 89.64 63.97 169.55 152 181.69V464H96c-8.84 0-16 7.16-16 16v16c0 8.84 7.16 16 16 16h160c8.84 0 16-7.16 16-16v-16c0-8.84-7.16-16-16-16h-56v-33.77C285.71 418.47 352 344.9 352 256v-48c0-8.84-7.16-16-16-16z\"><\/path><\/svg>\t\t\t\t<\/span>\n\t\t\t<\/div>\n\t\t\t\n\t\t\t\t\t\t<div class=\"elementor-icon-box-content\">\n\n\t\t\t\t\t\t\t\t\t<h3 class=\"elementor-icon-box-title\">\n\t\t\t\t\t\t<span  >\n\t\t\t\t\t\t\t10:30am -12:00am : Conferences\t\t\t\t\t\t<\/span>\n\t\t\t\t\t<\/h3>\n\t\t\t\t\n\t\t\t\t\t\t\t\t\t<p class=\"elementor-icon-box-description\">\n\t\t\t\t\t\t3 expert interventions on the major changes in the sector \n\n\n<li>IA &amp; transformation des infrastructures\n\n<li>Energy transition (liquid cooling, heat reuse)\n\n<li>Nouveaux enjeux de cybers\u00e9curit\u00e9 &amp; souverainet\u00e9 num\u00e9rique.\n\t\t\t\t\t<\/p>\n\t\t\t\t\n\t\t\t<\/div>\n\t\t\t\n\t\t<\/div>\n\t\t\t\t\t\t<\/div>\n\t\t\t\t<\/div>\n\t\t\t\t\t<\/div>\n\t\t\t\t<\/div>\n\t\t<div class=\"elementor-element elementor-element-058136e e-grid e-con-boxed wpr-particle-no wpr-jarallax-no wpr-parallax-no wpr-sticky-section-no e-con e-parent\" data-id=\"058136e\" data-element_type=\"container\">\n\t\t\t\t\t<div class=\"e-con-inner\">\n\t\t\t\t<div class=\"elementor-element elementor-element-a27c349 elementor-view-framed elementor-position-left elementor-shape-circle elementor-mobile-position-top elementor-widget elementor-widget-icon-box\" data-id=\"a27c349\" data-element_type=\"widget\" data-widget_type=\"icon-box.default\">\n\t\t\t\t<div class=\"elementor-widget-container\">\n\t\t\t\t\t\t\t<div class=\"elementor-icon-box-wrapper\">\n\n\t\t\t\t\t\t<div class=\"elementor-icon-box-icon\">\n\t\t\t\t<span  class=\"elementor-icon\">\n\t\t\t\t<svg aria-hidden=\"true\" class=\"e-font-icon-svg e-fas-microphone\" viewbox=\"0 0 352 512\" xmlns=\"http:\/\/www.w3.org\/2000\/svg\"><path d=\"M176 352c53.02 0 96-42.98 96-96V96c0-53.02-42.98-96-96-96S80 42.98 80 96v160c0 53.02 42.98 96 96 96zm160-160h-16c-8.84 0-16 7.16-16 16v48c0 74.8-64.49 134.82-140.79 127.38C96.71 376.89 48 317.11 48 250.3V208c0-8.84-7.16-16-16-16H16c-8.84 0-16 7.16-16 16v40.16c0 89.64 63.97 169.55 152 181.69V464H96c-8.84 0-16 7.16-16 16v16c0 8.84 7.16 16 16 16h160c8.84 0 16-7.16 16-16v-16c0-8.84-7.16-16-16-16h-56v-33.77C285.71 418.47 352 344.9 352 256v-48c0-8.84-7.16-16-16-16z\"><\/path><\/svg>\t\t\t\t<\/span>\n\t\t\t<\/div>\n\t\t\t\n\t\t\t\t\t\t<div class=\"elementor-icon-box-content\">\n\n\t\t\t\t\t\t\t\t\t<h3 class=\"elementor-icon-box-title\">\n\t\t\t\t\t\t<span  >\n\t\t\t\t\t\t\t10:30am -12:00am: Round Table\t\t\t\t\t\t<\/span>\n\t\t\t\t\t<\/h3>\n\t\t\t\t\n\t\t\t\t\t\t\t\t\t<p class=\"elementor-icon-box-description\">\n\t\t\t\t\t\tInteractive exchange with stakeholders, moderated by our editorial team:\n\n\n\n<li>Urbanisation &amp; int\u00e9gration des data centers\n\n<li>Emerging regulations (cybersecurity, CSR)\n\n\n<li>Concrete cases of infrastructure transformation\n\t\t\t\t\t<\/p>\n\t\t\t\t\n\t\t\t<\/div>\n\t\t\t\n\t\t<\/div>\n\t\t\t\t\t\t<\/div>\n\t\t\t\t<\/div>\n\t\t\t\t<div class=\"elementor-element elementor-element-49ab25d elementor-invisible elementor-widget elementor-widget-image\" data-id=\"49ab25d\" data-element_type=\"widget\" data-settings=\"{&quot;_animation&quot;:&quot;fadeInLeft&quot;}\" data-widget_type=\"image.default\">\n\t\t\t\t<div class=\"elementor-widget-container\">\n\t\t\t\t\t\t\t\t\t\t\t\t\t\t\t<img decoding=\"async\" width=\"200\" height=\"300\" src=\"https:\/\/datacenter-forum.eu\/wp-content\/uploads\/2025\/05\/G6A0768-200x300.jpg\" class=\"attachment-medium size-medium wp-image-3584\" alt=\"\" srcset=\"https:\/\/datacenter-forum.eu\/wp-content\/uploads\/2025\/05\/G6A0768-200x300.jpg 200w, https:\/\/datacenter-forum.eu\/wp-content\/uploads\/2025\/05\/G6A0768-683x1024.jpg 683w, https:\/\/datacenter-forum.eu\/wp-content\/uploads\/2025\/05\/G6A0768-8x12.jpg 8w, https:\/\/datacenter-forum.eu\/wp-content\/uploads\/2025\/05\/G6A0768.jpg 1000w\" sizes=\"(max-width: 200px) 100vw, 200px\" \/>\t\t\t\t\t\t\t\t\t\t\t\t\t\t\t<\/div>\n\t\t\t\t<\/div>\n\t\t\t\t\t<\/div>\n\t\t\t\t<\/div>\n\t\t<div class=\"elementor-element elementor-element-daf9f8c e-grid e-con-boxed wpr-particle-no wpr-jarallax-no wpr-parallax-no wpr-sticky-section-no e-con e-parent\" data-id=\"daf9f8c\" data-element_type=\"container\" data-settings=\"{&quot;background_background&quot;:&quot;gradient&quot;}\">\n\t\t\t\t\t<div class=\"e-con-inner\">\n\t\t\t\t<div class=\"elementor-element elementor-element-33108d0 elementor-invisible elementor-widget elementor-widget-image\" data-id=\"33108d0\" data-element_type=\"widget\" data-settings=\"{&quot;_animation&quot;:&quot;fadeInRight&quot;}\" data-widget_type=\"image.default\">\n\t\t\t\t<div class=\"elementor-widget-container\">\n\t\t\t\t\t\t\t\t\t\t\t\t\t\t\t<img loading=\"lazy\" decoding=\"async\" width=\"217\" height=\"300\" src=\"https:\/\/datacenter-forum.eu\/wp-content\/uploads\/2025\/05\/5E0A1968-217x300.jpg\" class=\"attachment-medium size-medium wp-image-3586\" alt=\"\" srcset=\"https:\/\/datacenter-forum.eu\/wp-content\/uploads\/2025\/05\/5E0A1968-217x300.jpg 217w, https:\/\/datacenter-forum.eu\/wp-content\/uploads\/2025\/05\/5E0A1968-739x1024.jpg 739w, https:\/\/datacenter-forum.eu\/wp-content\/uploads\/2025\/05\/5E0A1968-2000x2771.jpg 2000w, https:\/\/datacenter-forum.eu\/wp-content\/uploads\/2025\/05\/5E0A1968-scaled-9x12.jpg 9w, https:\/\/datacenter-forum.eu\/wp-content\/uploads\/2025\/05\/5E0A1968-scaled-1109x1536.jpg 1109w, https:\/\/datacenter-forum.eu\/wp-content\/uploads\/2025\/05\/5E0A1968-scaled-1478x2048.jpg 1478w, https:\/\/datacenter-forum.eu\/wp-content\/uploads\/2025\/05\/5E0A1968-scaled.jpg 1848w\" sizes=\"(max-width: 217px) 100vw, 217px\" \/>\t\t\t\t\t\t\t\t\t\t\t\t\t\t\t<\/div>\n\t\t\t\t<\/div>\n\t\t\t\t<div class=\"elementor-element elementor-element-7c381b2 elementor-view-framed elementor-position-left elementor-shape-circle elementor-mobile-position-top elementor-widget elementor-widget-icon-box\" data-id=\"7c381b2\" data-element_type=\"widget\" data-widget_type=\"icon-box.default\">\n\t\t\t\t<div class=\"elementor-widget-container\">\n\t\t\t\t\t\t\t<div class=\"elementor-icon-box-wrapper\">\n\n\t\t\t\t\t\t<div class=\"elementor-icon-box-icon\">\n\t\t\t\t<span  class=\"elementor-icon\">\n\t\t\t\t<svg aria-hidden=\"true\" class=\"e-font-icon-svg e-fas-cocktail\" viewbox=\"0 0 576 512\" xmlns=\"http:\/\/www.w3.org\/2000\/svg\"><path d=\"M296 464h-56V338.78l168.74-168.73c15.52-15.52 4.53-42.05-17.42-42.05H24.68c-21.95 0-32.94 26.53-17.42 42.05L176 338.78V464h-56c-22.09 0-40 17.91-40 40 0 4.42 3.58 8 8 8h240c4.42 0 8-3.58 8-8 0-22.09-17.91-40-40-40zM432 0c-62.61 0-115.35 40.2-135.18 96h52.54c16.65-28.55 47.27-48 82.64-48 52.93 0 96 43.06 96 96s-43.07 96-96 96c-14.04 0-27.29-3.2-39.32-8.64l-35.26 35.26C379.23 279.92 404.59 288 432 288c79.53 0 144-64.47 144-144S511.53 0 432 0z\"><\/path><\/svg>\t\t\t\t<\/span>\n\t\t\t<\/div>\n\t\t\t\n\t\t\t\t\t\t<div class=\"elementor-icon-box-content\">\n\n\t\t\t\t\t\t\t\t\t<h3 class=\"elementor-icon-box-title\">\n\t\t\t\t\t\t<span  >\n\t\t\t\t\t\t\t1pm - 2:30pm : Brunch &amp; Networking\t\t\t\t\t\t<\/span>\n\t\t\t\t\t<\/h3>\n\t\t\t\t\n\t\t\t\t\t\t\t\t\t<p class=\"elementor-icon-box-description\">\n\t\t\t\t\t\tInformal time to deepen discussions, develop your network and build quality partnerships.\t\t\t\t\t<\/p>\n\t\t\t\t\n\t\t\t<\/div>\n\t\t\t\n\t\t<\/div>\n\t\t\t\t\t\t<\/div>\n\t\t\t\t<\/div>\n\t\t\t\t\t<\/div>\n\t\t\t\t<\/div>\n\t\t<div class=\"elementor-element elementor-element-4e79521 e-flex e-con-boxed wpr-particle-no wpr-jarallax-no wpr-parallax-no wpr-sticky-section-no e-con e-parent\" data-id=\"4e79521\" data-element_type=\"container\">\n\t\t\t\t\t<div class=\"e-con-inner\">\n\t\t\t\t<div class=\"elementor-element elementor-element-691fce2 elementor-widget-divider--separator-type-pattern elementor-widget-divider--view-line elementor-widget elementor-widget-divider\" data-id=\"691fce2\" data-element_type=\"widget\" data-widget_type=\"divider.default\">\n\t\t\t\t<div class=\"elementor-widget-container\">\n\t\t\t\t\t\t\t<div class=\"elementor-divider\" style=\"--divider-pattern-url: url(&quot;data:image\/svg+xml,%3Csvg xmlns=&#039;http:\/\/www.w3.org\/2000\/svg&#039; preserveAspectRatio=&#039;none&#039; overflow=&#039;visible&#039; height=&#039;100%&#039; viewBox=&#039;0 0 24 24&#039; fill=&#039;none&#039; stroke=&#039;black&#039; stroke-width=&#039;1&#039; stroke-linecap=&#039;square&#039; stroke-miterlimit=&#039;10&#039;%3E%3Cpath d=&#039;M0,6c6,0,0.9,11.1,6.9,11.1S18,6,24,6&#039;\/%3E%3C\/svg%3E&quot;);\">\n\t\t\t<span class=\"elementor-divider-separator\">\n\t\t\t\t\t\t<\/span>\n\t\t<\/div>\n\t\t\t\t\t\t<\/div>\n\t\t\t\t<\/div>\n\t\t\t\t\t<\/div>\n\t\t\t\t<\/div>\n\t\t\t\t<\/div>","protected":false},"excerpt":{"rendered":"<p>10:00am : Welcome &amp; Breakfast Caf\u00e9 d\u2019accueil et viennoiseries pour d\u00e9marrer la matin\u00e9e dans une atmosph\u00e8re conviviale. 10:30am -12:00am : Conferences 3 interventions d\u2019experts autour des grandes mutations du secteur IA &amp; transformation des infrastructures Transition \u00e9nerg\u00e9tique (refroidissement liquide, r\u00e9utilisation de chaleur) Nouveaux enjeux de cybers\u00e9curit\u00e9 &amp; souverainet\u00e9 num\u00e9rique. 10:30am -12:00am : Table Ronde \u00c9change interactif avec les intervenants, mod\u00e9r\u00e9 par notre \u00e9quipe \u00e9ditoriale : Urbanisation &amp; int\u00e9gration des data centers R\u00e9glementations \u00e9mergentes (cybers\u00e9curit\u00e9, RSE) Cas concrets de transformation d\u2019infrastructures. 1pm &#8211; 2:30pm : Brunch &amp; Networking Moment informel pour approfondir les discussions, d\u00e9velopper votre r\u00e9seau et nouer des partenariats de qualit\u00e9.<\/p>","protected":false},"author":1,"featured_media":0,"parent":0,"menu_order":0,"comment_status":"closed","ping_status":"closed","template":"","meta":{"footnotes":""},"class_list":["post-3068","page","type-page","status-publish","hentry","entry"],"_links":{"self":[{"href":"https:\/\/datacenter-forum.eu\/en\/wp-json\/wp\/v2\/pages\/3068","targetHints":{"allow":["GET"]}}],"collection":[{"href":"https:\/\/datacenter-forum.eu\/en\/wp-json\/wp\/v2\/pages"}],"about":[{"href":"https:\/\/datacenter-forum.eu\/en\/wp-json\/wp\/v2\/types\/page"}],"author":[{"embeddable":true,"href":"https:\/\/datacenter-forum.eu\/en\/wp-json\/wp\/v2\/users\/1"}],"replies":[{"embeddable":true,"href":"https:\/\/datacenter-forum.eu\/en\/wp-json\/wp\/v2\/comments?post=3068"}],"version-history":[{"count":15,"href":"https:\/\/datacenter-forum.eu\/en\/wp-json\/wp\/v2\/pages\/3068\/revisions"}],"predecessor-version":[{"id":3833,"href":"https:\/\/datacenter-forum.eu\/en\/wp-json\/wp\/v2\/pages\/3068\/revisions\/3833"}],"wp:attachment":[{"href":"https:\/\/datacenter-forum.eu\/en\/wp-json\/wp\/v2\/media?parent=3068"}],"curies":[{"name":"wp","href":"https:\/\/api.w.org\/{rel}","templated":true}]}}